{"id":94,"date":"2018-09-20T10:17:48","date_gmt":"2018-09-20T10:17:48","guid":{"rendered":"http:\/\/spprzysieki.pl\/?page_id=94"},"modified":"2019-02-21T16:40:09","modified_gmt":"2019-02-21T16:40:09","slug":"nowa-jakosc-ksztalcenia-w-gminie-jaslo","status":"publish","type":"page","link":"http:\/\/spprzysieki.pl\/?page_id=94","title":{"rendered":"Nowa jako\u015b\u0107 kszta\u0142cenia w Gminie Sko\u0142yszyn"},"content":{"rendered":"<p><a href=\"http:\/\/zspkunowa.pl\/wordpress\/wp-content\/uploads\/2018\/09\/logo-projektu.png\" data-rel=\"lightbox-image-0\" data-rl_title=\"\" data-rl_caption=\"\" title=\"\"><img decoding=\"async\" loading=\"lazy\" class=\"alignnone size-full wp-image-1126\" src=\"http:\/\/zspkunowa.pl\/wordpress\/wp-content\/uploads\/2018\/09\/logo-projektu.png\" alt=\"\" width=\"911\" height=\"107\" \/><\/a><\/p>\n<p><strong>Tytu\u0142 projektu:<\/strong><\/p>\n<p>Nowa jako\u015b\u0107 kszta\u0142cenia w Gminie Sko\u0142yszyn<\/p>\n<p><strong>Wnioskodawca:<\/strong>\u00a0Gmina Sko\u0142yszyn<\/p>\n<p><strong>Okres realizacji:\u00a0<\/strong>01.05.2018-30.06.2020<\/p>\n<p><strong>Cel g\u0142\u00f3wny:<\/strong><\/p>\n<p style=\"text-align: justify;\">Wzrost kompetencji kluczowych min. 750 uczni\u00f3w i 130 nauczycieli z wszystkich szk\u00f3\u0142 prowadzonych w Gminie Sko\u0142yszyn w obszarach TIK, nauk matematyczno-przyrodniczych, j\u0119zyk\u00f3w obcych, kreatywno\u015bci, innowacyjno\u015bci i pracy zespo\u0142owej w okresie 05.2018-06.2020.<\/p>\n<p style=\"text-align: justify;\"><strong>Grupa docelowa:<\/strong><\/p>\n<p style=\"text-align: justify;\">1) Uczniowie\u00a0 z 8 szk\u00f3\u0142 podstawowych w roku szkolnym 2018\/19 i 2019\/20: minimum 800 uczni\u00f3w, w tym 376 uczennic\/424 uczni\u00f3w.<\/p>\n<p style=\"text-align: justify;\">2) Nauczyciele: minimum 130 os\u00f3b (107 nauczycielek \/23 nauczycieli), co stanowi 81% og\u00f3\u0142u zatrudnionych nauczycieli, w tym 80% nauczycieli przyrody zatrudnionych w ka\u017cdej szkole obj\u0119tej projektem.<\/p>\n<p style=\"text-align: justify;\">3) Szko\u0142a Podstawowa w: B\u0105czal Dolny, Harklowa, Jab\u0142onica, Lis\u00f3w, Kunowa, \u015awi\u0119cany, Sko\u0142yszyn i Przysieki.<\/p>\n<p><strong>Zadania:<\/strong><\/p>\n<ol>\n<li style=\"text-align: justify;\">Program wyr\u00f3wnywania szans edukacyjnych uczni\u00f3w i uczennic.<\/li>\n<li style=\"text-align: justify;\">Program wspierania szk\u00f3\u0142 w zakresie zwi\u0119kszenia udzia\u0142u zaj\u0119\u0107 realizowanych metod\u0105 eksperymentu w procesie kszta\u0142cenia.<\/li>\n<li style=\"text-align: justify;\">Program wspierania szk\u00f3\u0142 w zakresie rozwoju kompetencji uczni\u00f3w i uczennic w zakresie programowania.<\/li>\n<li style=\"text-align: justify;\">Program wspierania szk\u00f3\u0142 w zakresie podnoszenia kompetencji informatycznych nauczycieli i uczni\u00f3w oraz zwi\u0119kszania udzia\u0142u TIK w procesie kszta\u0142cenia.<\/li>\n<li style=\"text-align: justify;\">Program wspierania szk\u00f3\u0142 w zakresie podnoszenia kompetencji spo\u0142eczno \u2013 emocjonalnych uczni\u00f3w.<\/li>\n<\/ol>\n<p style=\"text-align: justify;\"><strong>G\u0142\u00f3wne wska\u017aniki rezultatu i produktu:<\/strong><\/p>\n<ol>\n<li style=\"text-align: justify;\">Liczba nauczycieli, kt\u00f3rzy uzyskali kwalifikacje lub nabyli kompetencje po opuszczeniu programu \u2013 130 os\u00f3b (107 nauczycielek\/23 nauczycieli)<\/li>\n<li style=\"text-align: justify;\">Liczba uczni\u00f3w, kt\u00f3rzy nabyli kompetencje kluczowe po opuszczeniu programu \u2013 750 os\u00f3b (350 uczennic\/400 uczni\u00f3w)<\/li>\n<li style=\"text-align: justify;\">Liczba szk\u00f3\u0142 i plac\u00f3wek systemu o\u015bwiaty wykorzystuj\u0105cych sprz\u0119t TIK do prowadzenia zaj\u0119\u0107 edukacyjnych \u2013 8 szt.<\/li>\n<li style=\"text-align: justify;\">Liczba szk\u00f3\u0142, w kt\u00f3rych pracownie przedmiotowe wykorzystuj\u0105 doposa\u017cenie do prowadzenia zaj\u0119\u0107 edukacyjnych \u2013 8 szt.<\/li>\n<li style=\"text-align: justify;\">Liczba nauczycieli prowadz\u0105cych zaj\u0119cia z wykorzystaniem TIK dzi\u0119ki EFS \u2013 120 os\u00f3b (98 nauczycielek\/22 nauczycieli)<\/li>\n<li style=\"text-align: justify;\">Liczba uczni\u00f3w obj\u0119tych wsparciem w zakresie rozwijania kompetencji kluczowych w programie \u2013 800 os\u00f3b (376 uczennic\/424 uczni\u00f3w)<\/li>\n<\/ol>\n<p style=\"text-align: justify;\"><strong>Finansowanie przedsi\u0119wzi\u0119cia:<\/strong><\/p>\n<p style=\"text-align: justify;\">Wsparcie finansowe ze strony Unii Europejskiej: 1 699 320,00 z\u0142<\/p>\n<p style=\"text-align: justify;\">Wsparcie finansowe ze strony bud\u017cetu pa\u0144stwa (dotacja celowa): 199 920,00 z\u0142<\/p>\n<p style=\"text-align: justify;\">Wk\u0142ad w\u0142asny: 99 960,00 z\u0142<\/p>\n<p style=\"text-align: justify;\"><strong>Szczeg\u00f3\u0142owy harmonogram wsparcia:<\/strong><\/p>\n<table width=\"461\">\n<tbody>\n<tr>\n<td width=\"121\"><strong><em>Rodzaj wsparcia<\/em><\/strong><\/td>\n<td width=\"109\"><strong><em>Data udzielania wsparcia<\/em><\/strong><\/td>\n<td width=\"127\"><strong><em>Godziny udzielania wsparcia<\/em><\/strong><\/td>\n<td width=\"104\"><strong><em>Adres realizacji wsparcia<\/em><\/strong><\/td>\n<\/tr>\n<tr>\n<td width=\"121\">Szkolenie nauczycieli<\/td>\n<td width=\"109\">09.2018-04.2019<\/td>\n<td width=\"127\">&#8211;<\/td>\n<td width=\"104\">Szko\u0142y obj\u0119te wsparciem<\/td>\n<\/tr>\n<tr>\n<td width=\"121\">Zaj\u0119cia dodatkowe dla uczni\u00f3w<\/td>\n<td width=\"109\">10.2018-06.2020<\/td>\n<td width=\"127\">&#8211;<\/td>\n<td width=\"104\">Szko\u0142y obj\u0119te wsparciem<\/td>\n<\/tr>\n<tr>\n<td width=\"121\">Zakup wyposa\u017cenie<br \/>\ni pomocy dydaktycznych<\/td>\n<td width=\"109\">05.2018-11.2018<\/td>\n<td width=\"127\">&#8211;<\/td>\n<td width=\"104\">Szko\u0142y obj\u0119te wsparciem<\/td>\n<\/tr>\n<\/tbody>\n<\/table>\n<p style=\"text-align: justify;\"><a href=\"http:\/\/zspkunowa.pl\/wordpress\/wp-content\/uploads\/2018\/09\/regulamin-rekrutacji.pdf\">regulamin rekrutacji<\/a><\/p>\n<p style=\"text-align: justify;\"><strong><a href=\"http:\/\/zspkunowa.pl\/wordpress\/wp-content\/uploads\/2018\/09\/A3-plakat-Sko\u0142yszyn.pdf\">A3 plakat Sko\u0142yszyn<\/a><\/strong><\/p>\n<p><a href=\"http:\/\/zspkunowa.pl\/wordpress\/wp-content\/uploads\/2018\/09\/A4-wyposa\u017cenie-Sko\u0142yszyn.pdf\">A4 wyposa\u017cenie Sko\u0142yszyn<\/a><\/p>\n","protected":false},"excerpt":{"rendered":"<p>Tytu\u0142 projektu: Nowa jako\u015b\u0107 kszta\u0142cenia w Gminie Sko\u0142yszyn Wnioskodawca:\u00a0Gmina Sko\u0142yszyn Okres realizacji:\u00a001.05.2018-30.06.2020 Cel g\u0142\u00f3wny: Wzrost kompetencji kluczowych min. 750 uczni\u00f3w i 130 nauczycieli z wszystkich szk\u00f3\u0142 prowadzonych w Gminie Sko\u0142yszyn w obszarach TIK, nauk matematyczno-przyrodniczych, j\u0119zyk\u00f3w obcych, kreatywno\u015bci, innowacyjno\u015bci i pracy zespo\u0142owej w okresie 05.2018-06.2020. Grupa docelowa: 1) Uczniowie\u00a0 z 8 szk\u00f3\u0142 podstawowych w roku &hellip; <\/p>\n<p><a class=\"more-link btn\" href=\"http:\/\/spprzysieki.pl\/?page_id=94\">Kontynuuj czytanie<\/a><\/p>\n","protected":false},"author":1,"featured_media":0,"parent":0,"menu_order":0,"comment_status":"closed","ping_status":"closed","template":"","meta":{"ngg_post_thumbnail":0},"_links":{"self":[{"href":"http:\/\/spprzysieki.pl\/index.php?rest_route=\/wp\/v2\/pages\/94"}],"collection":[{"href":"http:\/\/spprzysieki.pl\/index.php?rest_route=\/wp\/v2\/pages"}],"about":[{"href":"http:\/\/spprzysieki.pl\/index.php?rest_route=\/wp\/v2\/types\/page"}],"author":[{"embeddable":true,"href":"http:\/\/spprzysieki.pl\/index.php?rest_route=\/wp\/v2\/users\/1"}],"replies":[{"embeddable":true,"href":"http:\/\/spprzysieki.pl\/index.php?rest_route=%2Fwp%2Fv2%2Fcomments&post=94"}],"version-history":[{"count":4,"href":"http:\/\/spprzysieki.pl\/index.php?rest_route=\/wp\/v2\/pages\/94\/revisions"}],"predecessor-version":[{"id":145,"href":"http:\/\/spprzysieki.pl\/index.php?rest_route=\/wp\/v2\/pages\/94\/revisions\/145"}],"wp:attachment":[{"href":"http:\/\/spprzysieki.pl\/index.php?rest_route=%2Fwp%2Fv2%2Fmedia&parent=94"}],"curies":[{"name":"wp","href":"https:\/\/api.w.org\/{rel}","templated":true}]}}