{"id":98,"date":"2018-08-20T10:18:12","date_gmt":"2018-08-20T10:18:12","guid":{"rendered":"http:\/\/spprzysieki.pl\/?page_id=98"},"modified":"2019-02-21T16:47:40","modified_gmt":"2019-02-21T16:47:40","slug":"historia","status":"publish","type":"page","link":"http:\/\/spprzysieki.pl\/?page_id=98","title":{"rendered":"Historia"},"content":{"rendered":"<div id=\"page-wrapper\" class=\"5grid-layout 5grid\">\n<div class=\"row\">\n<div class=\"9u mobileUI-main-content\">\n<div id=\"content\">\n<section>\n<div class=\"post\">\n<h2>DZIEJE SZKO\u0141Y NA TLE HISTORII MIEJSCOWO\u015aCI<\/h2>\n<p style=\"text-align: justify;\">\u00a0 Wie\u015b Przysieki nale\u017cy do Gminy Sko\u0142yszyn w powiecie jasielskim. Nazwa wsi pochodzi od przysiekania co oznacza, \u017ce wie\u015b powstawa\u0142a na terenach &#8222;przysiekanego&#8221; lasu. Przysieczki to r\u00f3wnie\u017c nazwa jednego z przysi\u00f3\u0142k\u00f3w wsi (Sarna, 1908, str. 173). Historia lokalizacji wsi si\u0119ga odleg\u0142ych lat 1364 &#8211; 1369- okresu panowania kr\u00f3la Kazimierz Wielkiego. W kronikach Jana D\u0142ugosza znajduje si\u0119 wzmianka o wsi nale\u017c\u0105cej do parafii S\u0142aw\u0119cin. We wsi by\u0142 folwark i \u0142any kmiecie (W. Sarna, 1908, s.167). W 1581r Przysieki otrzyma\u0142 Tyszycki, a pod koniec XVIII wieku nale\u017ca\u0142y do ksi\u0119\u017cnej Anny Jab\u0142onowskiej, p\u00f3\u017aniej odziedziczy\u0142 jej hrabia Stadnicki. Te skr\u00f3towe informacje wskazuj\u0105 na d\u0142ug\u0105 i bogata histori\u0119 jej dziej\u00f3w<\/p>\n<p style=\"text-align: justify;\">\u00a0 \u00a0Historia szko\u0142y si\u0119ga roku 1945. Wie\u015b Przysieki nie mia\u0142a w\u0142asnej szko\u0142y dlatego dzieci uczy\u0142y si\u0119 w szko\u0142ach: w Trzcinicy, Osobnicy lub Harklowej w zale\u017cno\u015bci od miejsca zamieszkania.<\/p>\n<p style=\"text-align: justify;\">\u00a0 \u00a0W okresie okupacji do Przysiek przyby\u0142a z kres\u00f3w wschodnich nauczycielka Maria W\u0105sowicz dzi\u0119ki kt\u00f3rej we wsi powsta\u0142a szko\u0142a podstawowa. W po\u0142owie marca w podworskim pa\u0142acu zaczyna funkcjonowa\u0107 szko\u0142a z &#8222;o\u015bmioma trzyosobowymi \u0142awkami dla dzieci i tablic\u0105 wykonan\u0105 z desek dostarczonych przez mieszka\u0144c\u00f3w&#8221;. Maria W\u0105sowicz uczy\u0142a dzieci klas I i II, natomiast dzieci klas III do VII nadal ucz\u0119szczaj\u0105 do szk\u00f3\u0142 w Trzcinicy, Harklowej i Osobnicy.<\/p>\n<p style=\"text-align: justify;\">\u00a0 \u00a0Marzeniem mieszka\u0144c\u00f3w by\u0142a w\u0142asna szko\u0142a dla wszystkich dzieci. Taka szko\u0142a powstaje w wydzier\u017cawionych lokalach podworskich. Rok szkolny 1948\/49&#8243; rozpocz\u0105\u0142 si\u0119 w zmienionej postaci. Dzieci, kt\u00f3re musia\u0142y co dzie\u0144 kilometrami maszerowa\u0107 do Trzcinicy mia\u0142y swoj\u0105 w\u0142asn\u0105 szko\u0142\u0119 w swojej wsi. (Kronika Szkolna, s. 4). Na trzy zmiany uczy\u0142o si\u0119 114 dzieci. W 1951 roku mieszka\u0144cy podejmuj\u0105 uchwa\u0142\u0119 w sprawie budowy szko\u0142y. Ka\u017cdy gospodarz zadeklarowa\u0142 kwot\u0119 50 z\u0142otych od ka\u017cdego ha posiadanej ziemi oraz &#8222;robocizn\u0119 konn\u0105, piesz\u0105 i r\u0119czn\u0105&#8221;. Zosta\u0142y podj\u0119te starania aby budowa szko\u0142y w Przysiekach wesz\u0142a do wojew\u00f3dzkiego planu na 1952 rok. Sprawa nie by\u0142a \u0142atwa. Kierownictwo szko\u0142y oraz rodzice dok\u0142adali wszelkich stara\u0144 aby doprowadzi\u0107 do rozpocz\u0119cia i uko\u0144czenia budowy wymarzonej szko\u0142y. W dniu 27 listopada 1958 roku Przysieczanie \u015bwi\u0119tuj\u0105 oddanie budynku szko\u0142y. Nowiny Rzeszowskie odnotowa\u0142y ten fakt pisz\u0105c i\u017c powsta\u0142: &#8222;Jeden z pomnik\u00f3w Tysi\u0105clecia&#8221;. Ucz\u0105 si\u0119 w niej wnuki i prawnuki tych, kt\u00f3rzy j\u0105 budowali.<\/p>\n<p style=\"text-align: justify;\">\u00a0 \u00a0Od 1958 roku, w kt\u00f3rym oddano do u\u017cytku budynek szko\u0142y, mijaj\u0105ce lata uk\u0142adaj\u0105 dalsz\u0105 historie, w kt\u00f3r\u0105 wplataj\u0105 si\u0119 losy ju\u017c prawie dw\u00f3ch pokole\u0144 mieszka\u0144c\u00f3w. W ci\u0105gu tych lat szko\u0142a prze\u017cywa\u0142a reformy programowe i organizacyjne, zosta\u0142a powi\u0119kszona i unowocze\u015bniona baza dydaktyczna szko\u0142y.<\/p>\n<p style=\"text-align: justify;\">Opracowa\u0142y: mgr Maria \u015awierz; mgr El\u017cbieta Pawlu\u015b<\/p>\n<\/div>\n<\/section>\n<\/div>\n<\/div>\n<\/div>\n<\/div>\n<div class=\"5grid-layout 5grid\" style=\"text-align: justify;\"><\/div>\n","protected":false},"excerpt":{"rendered":"<p>DZIEJE SZKO\u0141Y NA TLE HISTORII MIEJSCOWO\u015aCI \u00a0 Wie\u015b Przysieki nale\u017cy do Gminy Sko\u0142yszyn w powiecie jasielskim. Nazwa wsi pochodzi od przysiekania co oznacza, \u017ce wie\u015b powstawa\u0142a na terenach &#8222;przysiekanego&#8221; lasu. Przysieczki to r\u00f3wnie\u017c nazwa jednego z przysi\u00f3\u0142k\u00f3w wsi (Sarna, 1908, str. 173). Historia lokalizacji wsi si\u0119ga odleg\u0142ych lat 1364 &#8211; 1369- okresu panowania kr\u00f3la Kazimierz &hellip; <\/p>\n<p><a class=\"more-link btn\" href=\"http:\/\/spprzysieki.pl\/?page_id=98\">Kontynuuj czytanie<\/a><\/p>\n","protected":false},"author":1,"featured_media":0,"parent":0,"menu_order":0,"comment_status":"closed","ping_status":"closed","template":"","meta":{"ngg_post_thumbnail":0},"_links":{"self":[{"href":"http:\/\/spprzysieki.pl\/index.php?rest_route=\/wp\/v2\/pages\/98"}],"collection":[{"href":"http:\/\/spprzysieki.pl\/index.php?rest_route=\/wp\/v2\/pages"}],"about":[{"href":"http:\/\/spprzysieki.pl\/index.php?rest_route=\/wp\/v2\/types\/page"}],"author":[{"embeddable":true,"href":"http:\/\/spprzysieki.pl\/index.php?rest_route=\/wp\/v2\/users\/1"}],"replies":[{"embeddable":true,"href":"http:\/\/spprzysieki.pl\/index.php?rest_route=%2Fwp%2Fv2%2Fcomments&post=98"}],"version-history":[{"count":3,"href":"http:\/\/spprzysieki.pl\/index.php?rest_route=\/wp\/v2\/pages\/98\/revisions"}],"predecessor-version":[{"id":152,"href":"http:\/\/spprzysieki.pl\/index.php?rest_route=\/wp\/v2\/pages\/98\/revisions\/152"}],"wp:attachment":[{"href":"http:\/\/spprzysieki.pl\/index.php?rest_route=%2Fwp%2Fv2%2Fmedia&parent=98"}],"curies":[{"name":"wp","href":"https:\/\/api.w.org\/{rel}","templated":true}]}}